{"id":578,"date":"2023-05-10T17:37:47","date_gmt":"2023-05-10T15:37:47","guid":{"rendered":"https:\/\/shop-framinia.mediaeng.it\/prodotto\/guide-sectoriel-de-lutte-contre-la-propagation-de-la-covid-19-sur-le-lieu-de-travail-dans-le-produc\/"},"modified":"2023-10-09T12:52:29","modified_gmt":"2023-10-09T10:52:29","slug":"guide-sectoriel-de-lutte-contre-la-propagation-de-la-covid-19-sur-le-lieu-de-travail-dans-le-produc","status":"publish","type":"product","link":"https:\/\/framinia-academy.com\/fr\/prodotto\/guide-sectoriel-de-lutte-contre-la-propagation-de-la-covid-19-sur-le-lieu-de-travail-dans-le-produc\/","title":{"rendered":"Guide sectoriel de lutte contre la propagation de la COVID-19 sur  le lieu de travail dans le production audiovisuelles"},"content":{"rendered":"<p dir=\"ltr\" style=\"text-align:left;\">\n<p><strong>Dur\u00e9e<\/strong>: 1,5 heure<\/p>\n<p><strong>Programme de cours et modules d&rsquo;enseignement<\/strong>:<\/p>\n<p><u>Module unique (1,5 heure)<\/u>:<\/p>\n<ul>\n<li>QU\u2019EST-CE QUE LE CORONAVIRUS (Sars-Cov-2)?<\/li>\n<li>DIRECTIVES GENERALES<\/li>\n<li>DIRECTIVES SPECIFIQUES<\/li>\n<li>RESUME\u2019 DES PRINCIPALES RECOMMANDATIONS<\/li>\n<li>PRISE EN CHARGE D\u2019UNE PERSONNE INFECTEE<\/li>\n<\/ul>\n<p><\/p>\n<p><strong>Buts et objectifs du cours<\/strong>:<\/p>\n<p>Le cours vise \u00e0 fournir le une formation suffisante et ad\u00e9quate des travailleurs aux mesures de pr\u00e9vention \u00e0 mettre en \u0153uvre pour contenir et combattre le virus sur le lieu de travail et la description de l&rsquo;application du protocole du secteur production audiovisuelles.<\/p>\n<p><strong>Modalit\u00e9s de r\u00e9alisation du fin de cours<\/strong>:<\/p>\n<p>Test de v\u00e9rification des apprentissages.<\/p>\n<p><strong>Type de certificat d\u00e9livr\u00e9 \u00e0 la fin du cours<\/strong>:<\/p>\n<p>Certificat de participation conform\u00e9ment \u00e0 la l\u00e9gislation en vigueur<\/p>\n<p><\/p>\n","protected":false},"excerpt":{"rendered":"<p>Dur\u00e9e: 1,5 heure Programme de cours et modules d&rsquo;enseignement: Module unique (1,5 heure): QU\u2019EST-CE QUE LE CORONAVIRUS (Sars-Cov-2)? DIRECTIVES GENERALES DIRECTIVES SPECIFIQUES RESUME\u2019 DES PRINCIPALES RECOMMANDATIONS PRISE EN CHARGE D\u2019UNE [&hellip;]<\/p>\n","protected":false},"featured_media":1881,"template":"","meta":{"_acf_changed":false,"_price":"","_stock":null,"_tribe_ticket_header":"","_tribe_default_ticket_provider":"","_tribe_ticket_capacity":"","_ticket_start_date":"","_ticket_end_date":"","_tribe_ticket_show_description":"","_tribe_ticket_show_not_going":false,"_tribe_ticket_use_global_stock":"","_tribe_ticket_global_stock_level":"","_global_stock_mode":"","_global_stock_cap":"","_tribe_rsvp_for_event":"","_tribe_ticket_going_count":"","_tribe_ticket_not_going_count":"","_tribe_tickets_list":"[]","_tribe_ticket_has_attendee_info_fields":false},"product_brand":[],"product_cat":[247],"product_tag":[],"class_list":{"0":"post-578","1":"product","2":"type-product","3":"status-publish","4":"has-post-thumbnail","6":"product_cat-secteur-audiovisuel-32","8":"first","9":"instock","10":"virtual","11":"sold-individually","12":"taxable","13":"product-type-simple"},"acf":[],"yoast_head":"<!-- This site is optimized with the Yoast SEO plugin v27.2 - https:\/\/yoast.com\/product\/yoast-seo-wordpress\/ -->\n<title>Guide sectoriel de lutte contre la propagation de la COVID-19 sur le lieu de travail dans le production audiovisuelles - Framinia Academy<\/title>\n<meta name=\"robots\" content=\"index, follow, max-snippet:-1, max-image-preview:large, max-video-preview:-1\" \/>\n<link rel=\"canonical\" href=\"https:\/\/framinia-academy.com\/fr\/prodotto\/guide-sectoriel-de-lutte-contre-la-propagation-de-la-covid-19-sur-le-lieu-de-travail-dans-le-produc\/\" \/>\n<meta property=\"og:locale\" content=\"fr_FR\" \/>\n<meta property=\"og:type\" content=\"article\" \/>\n<meta property=\"og:title\" content=\"Guide sectoriel de lutte contre la propagation de la COVID-19 sur le lieu de travail dans le production audiovisuelles - Framinia Academy\" \/>\n<meta property=\"og:description\" content=\"Dur\u00e9e: 1,5 heure Programme de cours et modules d&rsquo;enseignement: Module unique (1,5 heure): QU\u2019EST-CE QUE LE CORONAVIRUS (Sars-Cov-2)? DIRECTIVES GENERALES DIRECTIVES SPECIFIQUES RESUME\u2019 DES PRINCIPALES RECOMMANDATIONS PRISE EN CHARGE D\u2019UNE [&hellip;]\" \/>\n<meta property=\"og:url\" content=\"https:\/\/framinia-academy.com\/fr\/prodotto\/guide-sectoriel-de-lutte-contre-la-propagation-de-la-covid-19-sur-le-lieu-de-travail-dans-le-produc\/\" \/>\n<meta property=\"og:site_name\" content=\"Framinia Academy\" \/>\n<meta property=\"article:publisher\" content=\"https:\/\/www.facebook.com\/Framiniaacademy\" \/>\n<meta property=\"article:modified_time\" content=\"2023-10-09T10:52:29+00:00\" \/>\n<meta property=\"og:image\" content=\"https:\/\/framinia-academy.com\/wp-content\/uploads\/2023\/05\/contre-propagation-de-la-covid.jpg\" \/>\n\t<meta property=\"og:image:width\" content=\"602\" \/>\n\t<meta property=\"og:image:height\" content=\"401\" \/>\n\t<meta property=\"og:image:type\" content=\"image\/jpeg\" \/>\n<meta name=\"twitter:card\" content=\"summary_large_image\" \/>\n<meta name=\"twitter:label1\" content=\"Dur\u00e9e de lecture estim\u00e9e\" \/>\n\t<meta name=\"twitter:data1\" content=\"1 minute\" \/>\n<script type=\"application\/ld+json\" class=\"yoast-schema-graph\">{\"@context\":\"https:\/\/schema.org\",\"@graph\":[{\"@type\":\"WebPage\",\"@id\":\"https:\/\/framinia-academy.com\/fr\/prodotto\/guide-sectoriel-de-lutte-contre-la-propagation-de-la-covid-19-sur-le-lieu-de-travail-dans-le-produc\/\",\"url\":\"https:\/\/framinia-academy.com\/fr\/prodotto\/guide-sectoriel-de-lutte-contre-la-propagation-de-la-covid-19-sur-le-lieu-de-travail-dans-le-produc\/\",\"name\":\"Guide sectoriel de lutte contre la propagation de la COVID-19 sur le lieu de travail dans le production audiovisuelles - Framinia Academy\",\"isPartOf\":{\"@id\":\"https:\/\/framinia-academy.com\/fr\/#website\"},\"primaryImageOfPage\":{\"@id\":\"https:\/\/framinia-academy.com\/fr\/prodotto\/guide-sectoriel-de-lutte-contre-la-propagation-de-la-covid-19-sur-le-lieu-de-travail-dans-le-produc\/#primaryimage\"},\"image\":{\"@id\":\"https:\/\/framinia-academy.com\/fr\/prodotto\/guide-sectoriel-de-lutte-contre-la-propagation-de-la-covid-19-sur-le-lieu-de-travail-dans-le-produc\/#primaryimage\"},\"thumbnailUrl\":\"https:\/\/framinia-academy.com\/wp-content\/uploads\/2023\/05\/contre-propagation-de-la-covid.jpg\",\"datePublished\":\"2023-05-10T15:37:47+00:00\",\"dateModified\":\"2023-10-09T10:52:29+00:00\",\"breadcrumb\":{\"@id\":\"https:\/\/framinia-academy.com\/fr\/prodotto\/guide-sectoriel-de-lutte-contre-la-propagation-de-la-covid-19-sur-le-lieu-de-travail-dans-le-produc\/#breadcrumb\"},\"inLanguage\":\"fr-FR\",\"potentialAction\":[{\"@type\":\"ReadAction\",\"target\":[\"https:\/\/framinia-academy.com\/fr\/prodotto\/guide-sectoriel-de-lutte-contre-la-propagation-de-la-covid-19-sur-le-lieu-de-travail-dans-le-produc\/\"]}]},{\"@type\":\"ImageObject\",\"inLanguage\":\"fr-FR\",\"@id\":\"https:\/\/framinia-academy.com\/fr\/prodotto\/guide-sectoriel-de-lutte-contre-la-propagation-de-la-covid-19-sur-le-lieu-de-travail-dans-le-produc\/#primaryimage\",\"url\":\"https:\/\/framinia-academy.com\/wp-content\/uploads\/2023\/05\/contre-propagation-de-la-covid.jpg\",\"contentUrl\":\"https:\/\/framinia-academy.com\/wp-content\/uploads\/2023\/05\/contre-propagation-de-la-covid.jpg\",\"width\":602,\"height\":401},{\"@type\":\"BreadcrumbList\",\"@id\":\"https:\/\/framinia-academy.com\/fr\/prodotto\/guide-sectoriel-de-lutte-contre-la-propagation-de-la-covid-19-sur-le-lieu-de-travail-dans-le-produc\/#breadcrumb\",\"itemListElement\":[{\"@type\":\"ListItem\",\"position\":1,\"name\":\"Home\",\"item\":\"https:\/\/framinia-academy.com\/fr\/\"},{\"@type\":\"ListItem\",\"position\":2,\"name\":\"Boutique\",\"item\":\"https:\/\/framinia-academy.com\/negozio\/\"},{\"@type\":\"ListItem\",\"position\":3,\"name\":\"Guide sectoriel de lutte contre la propagation de la COVID-19 sur le lieu de travail dans le production audiovisuelles\"}]},{\"@type\":\"WebSite\",\"@id\":\"https:\/\/framinia-academy.com\/fr\/#website\",\"url\":\"https:\/\/framinia-academy.com\/fr\/\",\"name\":\"Framinia Academy\",\"description\":\"Formazione e consulenza professionale\",\"publisher\":{\"@id\":\"https:\/\/framinia-academy.com\/fr\/#organization\"},\"potentialAction\":[{\"@type\":\"SearchAction\",\"target\":{\"@type\":\"EntryPoint\",\"urlTemplate\":\"https:\/\/framinia-academy.com\/fr\/?s={search_term_string}\"},\"query-input\":{\"@type\":\"PropertyValueSpecification\",\"valueRequired\":true,\"valueName\":\"search_term_string\"}}],\"inLanguage\":\"fr-FR\"},{\"@type\":\"Organization\",\"@id\":\"https:\/\/framinia-academy.com\/fr\/#organization\",\"name\":\"Framinia Academy\",\"url\":\"https:\/\/framinia-academy.com\/fr\/\",\"logo\":{\"@type\":\"ImageObject\",\"inLanguage\":\"fr-FR\",\"@id\":\"https:\/\/framinia-academy.com\/fr\/#\/schema\/logo\/image\/\",\"url\":\"https:\/\/framinia-academy.com\/wp-content\/uploads\/2023\/05\/logo_framinia_academy-1.png\",\"contentUrl\":\"https:\/\/framinia-academy.com\/wp-content\/uploads\/2023\/05\/logo_framinia_academy-1.png\",\"width\":191,\"height\":64,\"caption\":\"Framinia Academy\"},\"image\":{\"@id\":\"https:\/\/framinia-academy.com\/fr\/#\/schema\/logo\/image\/\"},\"sameAs\":[\"https:\/\/www.facebook.com\/Framiniaacademy\",\"https:\/\/www.instagram.com\/framinia_academy\/\",\"https:\/\/www.linkedin.com\/company\/framinia-academy\/?viewAsMember=true\",\"https:\/\/www.youtube.com\/@FraminiaAcademy\"]}]}<\/script>\n<!-- \/ Yoast SEO plugin. -->","yoast_head_json":{"title":"Guide sectoriel de lutte contre la propagation de la COVID-19 sur le lieu de travail dans le production audiovisuelles - Framinia Academy","robots":{"index":"index","follow":"follow","max-snippet":"max-snippet:-1","max-image-preview":"max-image-preview:large","max-video-preview":"max-video-preview:-1"},"canonical":"https:\/\/framinia-academy.com\/fr\/prodotto\/guide-sectoriel-de-lutte-contre-la-propagation-de-la-covid-19-sur-le-lieu-de-travail-dans-le-produc\/","og_locale":"fr_FR","og_type":"article","og_title":"Guide sectoriel de lutte contre la propagation de la COVID-19 sur le lieu de travail dans le production audiovisuelles - Framinia Academy","og_description":"Dur\u00e9e: 1,5 heure Programme de cours et modules d&rsquo;enseignement: Module unique (1,5 heure): QU\u2019EST-CE QUE LE CORONAVIRUS (Sars-Cov-2)? DIRECTIVES GENERALES DIRECTIVES SPECIFIQUES RESUME\u2019 DES PRINCIPALES RECOMMANDATIONS PRISE EN CHARGE D\u2019UNE [&hellip;]","og_url":"https:\/\/framinia-academy.com\/fr\/prodotto\/guide-sectoriel-de-lutte-contre-la-propagation-de-la-covid-19-sur-le-lieu-de-travail-dans-le-produc\/","og_site_name":"Framinia Academy","article_publisher":"https:\/\/www.facebook.com\/Framiniaacademy","article_modified_time":"2023-10-09T10:52:29+00:00","og_image":[{"width":602,"height":401,"url":"https:\/\/framinia-academy.com\/wp-content\/uploads\/2023\/05\/contre-propagation-de-la-covid.jpg","type":"image\/jpeg"}],"twitter_card":"summary_large_image","twitter_misc":{"Dur\u00e9e de lecture estim\u00e9e":"1 minute"},"schema":{"@context":"https:\/\/schema.org","@graph":[{"@type":"WebPage","@id":"https:\/\/framinia-academy.com\/fr\/prodotto\/guide-sectoriel-de-lutte-contre-la-propagation-de-la-covid-19-sur-le-lieu-de-travail-dans-le-produc\/","url":"https:\/\/framinia-academy.com\/fr\/prodotto\/guide-sectoriel-de-lutte-contre-la-propagation-de-la-covid-19-sur-le-lieu-de-travail-dans-le-produc\/","name":"Guide sectoriel de lutte contre la propagation de la COVID-19 sur le lieu de travail dans le production audiovisuelles - Framinia Academy","isPartOf":{"@id":"https:\/\/framinia-academy.com\/fr\/#website"},"primaryImageOfPage":{"@id":"https:\/\/framinia-academy.com\/fr\/prodotto\/guide-sectoriel-de-lutte-contre-la-propagation-de-la-covid-19-sur-le-lieu-de-travail-dans-le-produc\/#primaryimage"},"image":{"@id":"https:\/\/framinia-academy.com\/fr\/prodotto\/guide-sectoriel-de-lutte-contre-la-propagation-de-la-covid-19-sur-le-lieu-de-travail-dans-le-produc\/#primaryimage"},"thumbnailUrl":"https:\/\/framinia-academy.com\/wp-content\/uploads\/2023\/05\/contre-propagation-de-la-covid.jpg","datePublished":"2023-05-10T15:37:47+00:00","dateModified":"2023-10-09T10:52:29+00:00","breadcrumb":{"@id":"https:\/\/framinia-academy.com\/fr\/prodotto\/guide-sectoriel-de-lutte-contre-la-propagation-de-la-covid-19-sur-le-lieu-de-travail-dans-le-produc\/#breadcrumb"},"inLanguage":"fr-FR","potentialAction":[{"@type":"ReadAction","target":["https:\/\/framinia-academy.com\/fr\/prodotto\/guide-sectoriel-de-lutte-contre-la-propagation-de-la-covid-19-sur-le-lieu-de-travail-dans-le-produc\/"]}]},{"@type":"ImageObject","inLanguage":"fr-FR","@id":"https:\/\/framinia-academy.com\/fr\/prodotto\/guide-sectoriel-de-lutte-contre-la-propagation-de-la-covid-19-sur-le-lieu-de-travail-dans-le-produc\/#primaryimage","url":"https:\/\/framinia-academy.com\/wp-content\/uploads\/2023\/05\/contre-propagation-de-la-covid.jpg","contentUrl":"https:\/\/framinia-academy.com\/wp-content\/uploads\/2023\/05\/contre-propagation-de-la-covid.jpg","width":602,"height":401},{"@type":"BreadcrumbList","@id":"https:\/\/framinia-academy.com\/fr\/prodotto\/guide-sectoriel-de-lutte-contre-la-propagation-de-la-covid-19-sur-le-lieu-de-travail-dans-le-produc\/#breadcrumb","itemListElement":[{"@type":"ListItem","position":1,"name":"Home","item":"https:\/\/framinia-academy.com\/fr\/"},{"@type":"ListItem","position":2,"name":"Boutique","item":"https:\/\/framinia-academy.com\/negozio\/"},{"@type":"ListItem","position":3,"name":"Guide sectoriel de lutte contre la propagation de la COVID-19 sur le lieu de travail dans le production audiovisuelles"}]},{"@type":"WebSite","@id":"https:\/\/framinia-academy.com\/fr\/#website","url":"https:\/\/framinia-academy.com\/fr\/","name":"Framinia Academy","description":"Formazione e consulenza professionale","publisher":{"@id":"https:\/\/framinia-academy.com\/fr\/#organization"},"potentialAction":[{"@type":"SearchAction","target":{"@type":"EntryPoint","urlTemplate":"https:\/\/framinia-academy.com\/fr\/?s={search_term_string}"},"query-input":{"@type":"PropertyValueSpecification","valueRequired":true,"valueName":"search_term_string"}}],"inLanguage":"fr-FR"},{"@type":"Organization","@id":"https:\/\/framinia-academy.com\/fr\/#organization","name":"Framinia Academy","url":"https:\/\/framinia-academy.com\/fr\/","logo":{"@type":"ImageObject","inLanguage":"fr-FR","@id":"https:\/\/framinia-academy.com\/fr\/#\/schema\/logo\/image\/","url":"https:\/\/framinia-academy.com\/wp-content\/uploads\/2023\/05\/logo_framinia_academy-1.png","contentUrl":"https:\/\/framinia-academy.com\/wp-content\/uploads\/2023\/05\/logo_framinia_academy-1.png","width":191,"height":64,"caption":"Framinia Academy"},"image":{"@id":"https:\/\/framinia-academy.com\/fr\/#\/schema\/logo\/image\/"},"sameAs":["https:\/\/www.facebook.com\/Framiniaacademy","https:\/\/www.instagram.com\/framinia_academy\/","https:\/\/www.linkedin.com\/company\/framinia-academy\/?viewAsMember=true","https:\/\/www.youtube.com\/@FraminiaAcademy"]}]}},"_links":{"self":[{"href":"https:\/\/framinia-academy.com\/fr\/wp-json\/wp\/v2\/product\/578","targetHints":{"allow":["GET"]}}],"collection":[{"href":"https:\/\/framinia-academy.com\/fr\/wp-json\/wp\/v2\/product"}],"about":[{"href":"https:\/\/framinia-academy.com\/fr\/wp-json\/wp\/v2\/types\/product"}],"version-history":[{"count":2,"href":"https:\/\/framinia-academy.com\/fr\/wp-json\/wp\/v2\/product\/578\/revisions"}],"predecessor-version":[{"id":5149,"href":"https:\/\/framinia-academy.com\/fr\/wp-json\/wp\/v2\/product\/578\/revisions\/5149"}],"wp:featuredmedia":[{"embeddable":true,"href":"https:\/\/framinia-academy.com\/fr\/wp-json\/wp\/v2\/media\/1881"}],"wp:attachment":[{"href":"https:\/\/framinia-academy.com\/fr\/wp-json\/wp\/v2\/media?parent=578"}],"wp:term":[{"taxonomy":"product_brand","embeddable":true,"href":"https:\/\/framinia-academy.com\/fr\/wp-json\/wp\/v2\/product_brand?post=578"},{"taxonomy":"product_cat","embeddable":true,"href":"https:\/\/framinia-academy.com\/fr\/wp-json\/wp\/v2\/product_cat?post=578"},{"taxonomy":"product_tag","embeddable":true,"href":"https:\/\/framinia-academy.com\/fr\/wp-json\/wp\/v2\/product_tag?post=578"}],"curies":[{"name":"wp","href":"https:\/\/api.w.org\/{rel}","templated":true}]}}